{"id":45544,"date":"2020-07-26T12:38:49","date_gmt":"2020-07-26T15:38:49","guid":{"rendered":"https:\/\/tumarquito.com\/?product=import-placeholder-for-i-ani-aniflor4-000000"},"modified":"2023-09-07T21:39:45","modified_gmt":"2023-09-08T00:39:45","slug":"animal-flor-4","status":"publish","type":"product","link":"https:\/\/tumarquito.com\/?product=animal-flor-4","title":{"rendered":"Animal Flor 4"},"content":{"rendered":"<p>1 Marco   1 L\u00e1mina   1 Vidrio   1 Gancho<br \/>\nEn la descripci\u00f3n de color &#8220;Natural&#8221; pod\u00e9s elegir: 1) Madera al natural<br \/>\nEn la descripci\u00f3n de color &#8220;A Elecci\u00f3n&#8221; pod\u00e9s elegir: 1) Negro \u00f3 2) Blanco<br \/>\nanimales, animalitos, beba, bebe, flores, rosa, rosas, bambi, cervatillo, ciervo<\/p>\n","protected":false},"excerpt":{"rendered":"<p>1 Marco   1 L\u00e1mina   1 Vidrio   1 Gancho<\/p>\n","protected":false},"featured_media":45438,"comment_status":"open","ping_status":"closed","template":"","meta":[],"class_list":{"0":"post-45544","1":"product","2":"type-product","3":"status-publish","4":"has-post-thumbnail","6":"product_cat-infantiles","7":"product_cat-animalesynaturaleza-infantiles","8":"product_cat-todo","9":"product_tag-animales","10":"product_tag-animalitos","11":"product_tag-bambi","12":"product_tag-beba","13":"product_tag-bebe","14":"product_tag-cervatillo","15":"product_tag-ciervo","16":"product_tag-flores","17":"product_tag-rosa","18":"product_tag-rosas","20":"first","21":"instock","22":"featured","23":"shipping-taxable","24":"purchasable","25":"product-type-variable"},"_links":{"self":[{"href":"https:\/\/tumarquito.com\/index.php?rest_route=\/wp\/v2\/product\/45544","targetHints":{"allow":["GET"]}}],"collection":[{"href":"https:\/\/tumarquito.com\/index.php?rest_route=\/wp\/v2\/product"}],"about":[{"href":"https:\/\/tumarquito.com\/index.php?rest_route=\/wp\/v2\/types\/product"}],"replies":[{"embeddable":true,"href":"https:\/\/tumarquito.com\/index.php?rest_route=%2Fwp%2Fv2%2Fcomments&post=45544"}],"wp:featuredmedia":[{"embeddable":true,"href":"https:\/\/tumarquito.com\/index.php?rest_route=\/wp\/v2\/media\/45438"}],"wp:attachment":[{"href":"https:\/\/tumarquito.com\/index.php?rest_route=%2Fwp%2Fv2%2Fmedia&parent=45544"}],"curies":[{"name":"wp","href":"https:\/\/api.w.org\/{rel}","templated":true}]}}