{"id":45514,"date":"2020-07-26T12:38:34","date_gmt":"2020-07-26T15:38:34","guid":{"rendered":"https:\/\/tumarquito.com\/?product=import-placeholder-for-i-ani-aniflor2-000000"},"modified":"2023-09-07T21:39:36","modified_gmt":"2023-09-08T00:39:36","slug":"animal-flor-2","status":"publish","type":"product","link":"https:\/\/tumarquito.com\/?product=animal-flor-2","title":{"rendered":"Animal Flor 2"},"content":{"rendered":"<p>1 Marco   1 L\u00e1mina   1 Vidrio   1 Gancho<br \/>\nEn la descripci\u00f3n de color &#8220;Natural&#8221; pod\u00e9s elegir: 1) Madera al natural<br \/>\nEn la descripci\u00f3n de color &#8220;A Elecci\u00f3n&#8221; pod\u00e9s elegir: 1) Negro \u00f3 2) Blanco<br \/>\nanimales, animalitos, beba, bebe, mapache, negro, blanco, flores, rosa<\/p>\n","protected":false},"excerpt":{"rendered":"<p>1 Marco   1 L\u00e1mina   1 Vidrio   1 Gancho<\/p>\n","protected":false},"featured_media":45436,"comment_status":"open","ping_status":"closed","template":"","meta":[],"class_list":{"0":"post-45514","1":"product","2":"type-product","3":"status-publish","4":"has-post-thumbnail","6":"product_cat-infantiles","7":"product_cat-animalesynaturaleza-infantiles","8":"product_cat-todo","9":"product_tag-animales","10":"product_tag-animalitos","11":"product_tag-beba","12":"product_tag-bebe","13":"product_tag-blanco","14":"product_tag-flores","15":"product_tag-mapache","16":"product_tag-negro","17":"product_tag-rosa","19":"first","20":"instock","21":"featured","22":"shipping-taxable","23":"purchasable","24":"product-type-variable"},"_links":{"self":[{"href":"https:\/\/tumarquito.com\/index.php?rest_route=\/wp\/v2\/product\/45514","targetHints":{"allow":["GET"]}}],"collection":[{"href":"https:\/\/tumarquito.com\/index.php?rest_route=\/wp\/v2\/product"}],"about":[{"href":"https:\/\/tumarquito.com\/index.php?rest_route=\/wp\/v2\/types\/product"}],"replies":[{"embeddable":true,"href":"https:\/\/tumarquito.com\/index.php?rest_route=%2Fwp%2Fv2%2Fcomments&post=45514"}],"wp:featuredmedia":[{"embeddable":true,"href":"https:\/\/tumarquito.com\/index.php?rest_route=\/wp\/v2\/media\/45436"}],"wp:attachment":[{"href":"https:\/\/tumarquito.com\/index.php?rest_route=%2Fwp%2Fv2%2Fmedia&parent=45514"}],"curies":[{"name":"wp","href":"https:\/\/api.w.org\/{rel}","templated":true}]}}