{"id":45314,"date":"2020-07-26T12:24:49","date_gmt":"2020-07-26T15:24:49","guid":{"rendered":"https:\/\/tumarquito.com\/?product=import-placeholder-for-i-ani-aniuni6-000000"},"modified":"2023-09-07T22:08:51","modified_gmt":"2023-09-08T01:08:51","slug":"animales-u-cisne-aqua-6","status":"publish","type":"product","link":"https:\/\/tumarquito.com\/?product=animales-u-cisne-aqua-6","title":{"rendered":"Animales U Cisne Aqua 6"},"content":{"rendered":"<p>1 Marco   1 L\u00e1mina   1 Vidrio   1 Gancho<br \/>\nEn la descripci\u00f3n de color &#8220;Natural&#8221; pod\u00e9s elegir: 1) Madera al natural<br \/>\nEn la descripci\u00f3n de color &#8220;A Elecci\u00f3n&#8221; pod\u00e9s elegir: 1) Negro \u00f3 2) Blanco<br \/>\ncisne, pasteles, colores, rosa, amarillo, aqua, celeste, cisne, aqua<\/p>\n","protected":false},"excerpt":{"rendered":"<p>1 Marco   1 L\u00e1mina   1 Vidrio   1 Gancho<\/p>\n","protected":false},"featured_media":45188,"comment_status":"open","ping_status":"closed","template":"","meta":[],"class_list":{"0":"post-45314","1":"product","2":"type-product","3":"status-publish","4":"has-post-thumbnail","6":"product_cat-infantiles","7":"product_cat-animalesynaturaleza-infantiles","8":"product_cat-todo","9":"product_tag-amarillo","10":"product_tag-aqua","11":"product_tag-celeste","12":"product_tag-cisne","13":"product_tag-colores","14":"product_tag-pasteles","15":"product_tag-rosa","17":"first","18":"instock","19":"featured","20":"shipping-taxable","21":"purchasable","22":"product-type-variable"},"_links":{"self":[{"href":"https:\/\/tumarquito.com\/index.php?rest_route=\/wp\/v2\/product\/45314","targetHints":{"allow":["GET"]}}],"collection":[{"href":"https:\/\/tumarquito.com\/index.php?rest_route=\/wp\/v2\/product"}],"about":[{"href":"https:\/\/tumarquito.com\/index.php?rest_route=\/wp\/v2\/types\/product"}],"replies":[{"embeddable":true,"href":"https:\/\/tumarquito.com\/index.php?rest_route=%2Fwp%2Fv2%2Fcomments&post=45314"}],"wp:featuredmedia":[{"embeddable":true,"href":"https:\/\/tumarquito.com\/index.php?rest_route=\/wp\/v2\/media\/45188"}],"wp:attachment":[{"href":"https:\/\/tumarquito.com\/index.php?rest_route=%2Fwp%2Fv2%2Fmedia&parent=45314"}],"curies":[{"name":"wp","href":"https:\/\/api.w.org\/{rel}","templated":true}]}}