{"id":45190,"date":"2020-07-26T12:22:47","date_gmt":"2020-07-26T15:22:47","guid":{"rendered":"https:\/\/tumarquito.com\/?product=import-placeholder-for-i-ani-aniuni1-000000"},"modified":"2023-09-07T22:08:10","modified_gmt":"2023-09-08T01:08:10","slug":"animales-u-atrapasuenos-1","status":"publish","type":"product","link":"https:\/\/tumarquito.com\/?product=animales-u-atrapasuenos-1","title":{"rendered":"Animales U Atrapasue\u00f1os 1"},"content":{"rendered":"<p>1 Marco   1 L\u00e1mina   1 Vidrio   1 Gancho<br \/>\nEn la descripci\u00f3n de color &#8220;Natural&#8221; pod\u00e9s elegir: 1) Madera al natural<br \/>\nEn la descripci\u00f3n de color &#8220;A Elecci\u00f3n&#8221; pod\u00e9s elegir: 1) Negro \u00f3 2) Blanco<br \/>\ncisne, pasteles, colores, rosa, amarillo, aqua, celeste, atrapasue\u00f1os<\/p>\n","protected":false},"excerpt":{"rendered":"<p>1 Marco   1 L\u00e1mina   1 Vidrio   1 Gancho<\/p>\n","protected":false},"featured_media":45183,"comment_status":"open","ping_status":"closed","template":"","meta":[],"class_list":{"0":"post-45190","1":"product","2":"type-product","3":"status-publish","4":"has-post-thumbnail","6":"product_cat-infantiles","7":"product_cat-animalesynaturaleza-infantiles","8":"product_cat-todo","9":"product_tag-amarillo","10":"product_tag-aqua","11":"product_tag-atrapasuenos","12":"product_tag-celeste","13":"product_tag-cisne","14":"product_tag-colores","15":"product_tag-pasteles","16":"product_tag-rosa","18":"first","19":"instock","20":"featured","21":"shipping-taxable","22":"purchasable","23":"product-type-variable"},"_links":{"self":[{"href":"https:\/\/tumarquito.com\/index.php?rest_route=\/wp\/v2\/product\/45190","targetHints":{"allow":["GET"]}}],"collection":[{"href":"https:\/\/tumarquito.com\/index.php?rest_route=\/wp\/v2\/product"}],"about":[{"href":"https:\/\/tumarquito.com\/index.php?rest_route=\/wp\/v2\/types\/product"}],"replies":[{"embeddable":true,"href":"https:\/\/tumarquito.com\/index.php?rest_route=%2Fwp%2Fv2%2Fcomments&post=45190"}],"wp:featuredmedia":[{"embeddable":true,"href":"https:\/\/tumarquito.com\/index.php?rest_route=\/wp\/v2\/media\/45183"}],"wp:attachment":[{"href":"https:\/\/tumarquito.com\/index.php?rest_route=%2Fwp%2Fv2%2Fmedia&parent=45190"}],"curies":[{"name":"wp","href":"https:\/\/api.w.org\/{rel}","templated":true}]}}