{"id":45147,"date":"2020-07-26T12:15:49","date_gmt":"2020-07-26T15:15:49","guid":{"rendered":"https:\/\/tumarquito.com\/?product=import-placeholder-for-i-ani-anibaby5-000000"},"modified":"2023-09-07T21:34:12","modified_gmt":"2023-09-08T00:34:12","slug":"animales-baby-5","status":"publish","type":"product","link":"https:\/\/tumarquito.com\/?product=animales-baby-5","title":{"rendered":"Animales Baby 5"},"content":{"rendered":"<p>1 Marco   1 L\u00e1mina   1 Vidrio   1 Gancho<br \/>\nEn la descripci\u00f3n de color &#8220;Natural&#8221; pod\u00e9s elegir: 1) Madera al natural<br \/>\nEn la descripci\u00f3n de color &#8220;A Elecci\u00f3n&#8221; pod\u00e9s elegir: 1) Negro \u00f3 2) Blanco<br \/>\nanimales, animalitos, beba, bebe, cerdito, pajarito, rosa, amarillo<\/p>\n","protected":false},"excerpt":{"rendered":"<p>1 Marco   1 L\u00e1mina   1 Vidrio   1 Gancho<\/p>\n","protected":false},"featured_media":45084,"comment_status":"open","ping_status":"closed","template":"","meta":[],"class_list":{"0":"post-45147","1":"product","2":"type-product","3":"status-publish","4":"has-post-thumbnail","6":"product_cat-infantiles","7":"product_cat-animalesynaturaleza-infantiles","8":"product_cat-todo","9":"product_tag-amarillo","10":"product_tag-animales","11":"product_tag-animalitos","12":"product_tag-beba","13":"product_tag-bebe","14":"product_tag-cerdito","15":"product_tag-pajarito","16":"product_tag-rosa","18":"first","19":"instock","20":"featured","21":"shipping-taxable","22":"purchasable","23":"product-type-variable"},"_links":{"self":[{"href":"https:\/\/tumarquito.com\/index.php?rest_route=\/wp\/v2\/product\/45147","targetHints":{"allow":["GET"]}}],"collection":[{"href":"https:\/\/tumarquito.com\/index.php?rest_route=\/wp\/v2\/product"}],"about":[{"href":"https:\/\/tumarquito.com\/index.php?rest_route=\/wp\/v2\/types\/product"}],"replies":[{"embeddable":true,"href":"https:\/\/tumarquito.com\/index.php?rest_route=%2Fwp%2Fv2%2Fcomments&post=45147"}],"wp:featuredmedia":[{"embeddable":true,"href":"https:\/\/tumarquito.com\/index.php?rest_route=\/wp\/v2\/media\/45084"}],"wp:attachment":[{"href":"https:\/\/tumarquito.com\/index.php?rest_route=%2Fwp%2Fv2%2Fmedia&parent=45147"}],"curies":[{"name":"wp","href":"https:\/\/api.w.org\/{rel}","templated":true}]}}