{"id":44898,"date":"2020-07-17T16:56:53","date_gmt":"2020-07-17T19:56:53","guid":{"rendered":"https:\/\/tumarquito.com\/?product=import-placeholder-for-a-nat-hojalinea9-000000"},"modified":"2023-09-07T21:04:00","modified_gmt":"2023-09-08T00:04:00","slug":"hoja-linea-9","status":"publish","type":"product","link":"https:\/\/tumarquito.com\/?product=hoja-linea-9","title":{"rendered":"Hoja Linea 9"},"content":{"rendered":"<p>1 Marco   1 L\u00e1mina   1 Vidrio   1 Gancho<br \/>\nEn la descripci\u00f3n de color &#8220;Natural&#8221; pod\u00e9s elegir: 1) Madera al natural<br \/>\nEn la descripci\u00f3n de color &#8220;A Elecci\u00f3n&#8221; pod\u00e9s elegir: 1) Negro \u00f3 2) Blanco<\/p>\n","protected":false},"excerpt":{"rendered":"<p>1 Marco   1 L\u00e1mina   1 Vidrio   1 Gancho \/\/ podes cambiar los colores<\/p>\n","protected":false},"featured_media":44715,"comment_status":"open","ping_status":"closed","template":"","meta":[],"class_list":{"0":"post-44898","1":"product","2":"type-product","3":"status-publish","4":"has-post-thumbnail","6":"product_cat-adultos","7":"product_cat-animalesynaturaleza","8":"product_cat-todo","9":"product_tag-beige","10":"product_tag-blanco","11":"product_tag-claro","12":"product_tag-flor","13":"product_tag-hoja","14":"product_tag-linea","15":"product_tag-manteca","16":"product_tag-marron","17":"product_tag-pastel","18":"product_tag-planta","20":"first","21":"instock","22":"featured","23":"shipping-taxable","24":"purchasable","25":"product-type-variable"},"_links":{"self":[{"href":"https:\/\/tumarquito.com\/index.php?rest_route=\/wp\/v2\/product\/44898","targetHints":{"allow":["GET"]}}],"collection":[{"href":"https:\/\/tumarquito.com\/index.php?rest_route=\/wp\/v2\/product"}],"about":[{"href":"https:\/\/tumarquito.com\/index.php?rest_route=\/wp\/v2\/types\/product"}],"replies":[{"embeddable":true,"href":"https:\/\/tumarquito.com\/index.php?rest_route=%2Fwp%2Fv2%2Fcomments&post=44898"}],"wp:featuredmedia":[{"embeddable":true,"href":"https:\/\/tumarquito.com\/index.php?rest_route=\/wp\/v2\/media\/44715"}],"wp:attachment":[{"href":"https:\/\/tumarquito.com\/index.php?rest_route=%2Fwp%2Fv2%2Fmedia&parent=44898"}],"curies":[{"name":"wp","href":"https:\/\/api.w.org\/{rel}","templated":true}]}}