{"id":44807,"date":"2020-07-17T16:56:22","date_gmt":"2020-07-17T19:56:22","guid":{"rendered":"https:\/\/tumarquito.com\/?product=import-placeholder-for-a-nat-hojalinea5-000000"},"modified":"2023-09-07T21:03:25","modified_gmt":"2023-09-08T00:03:25","slug":"hoja-linea-5","status":"publish","type":"product","link":"https:\/\/tumarquito.com\/?product=hoja-linea-5","title":{"rendered":"Hoja Linea 5"},"content":{"rendered":"<p>1 Marco   1 L\u00e1mina   1 Vidrio   1 Gancho<br \/>\nEn la descripci\u00f3n de color &#8220;Natural&#8221; pod\u00e9s elegir: 1) Madera al natural<br \/>\nEn la descripci\u00f3n de color &#8220;A Elecci\u00f3n&#8221; pod\u00e9s elegir: 1) Negro \u00f3 2) Blanco<\/p>\n","protected":false},"excerpt":{"rendered":"<p>1 Marco   1 L\u00e1mina   1 Vidrio   1 Gancho \/\/ podes cambiar los colores<\/p>\n","protected":false},"featured_media":44711,"comment_status":"open","ping_status":"closed","template":"","meta":[],"class_list":{"0":"post-44807","1":"product","2":"type-product","3":"status-publish","4":"has-post-thumbnail","6":"product_cat-adultos","7":"product_cat-animalesynaturaleza","8":"product_cat-todo","9":"product_tag-blanco","10":"product_tag-flor","11":"product_tag-hoja","12":"product_tag-linea","13":"product_tag-pastel","14":"product_tag-planta","15":"product_tag-rosa","17":"first","18":"instock","19":"featured","20":"shipping-taxable","21":"purchasable","22":"product-type-variable"},"_links":{"self":[{"href":"https:\/\/tumarquito.com\/index.php?rest_route=\/wp\/v2\/product\/44807","targetHints":{"allow":["GET"]}}],"collection":[{"href":"https:\/\/tumarquito.com\/index.php?rest_route=\/wp\/v2\/product"}],"about":[{"href":"https:\/\/tumarquito.com\/index.php?rest_route=\/wp\/v2\/types\/product"}],"replies":[{"embeddable":true,"href":"https:\/\/tumarquito.com\/index.php?rest_route=%2Fwp%2Fv2%2Fcomments&post=44807"}],"wp:featuredmedia":[{"embeddable":true,"href":"https:\/\/tumarquito.com\/index.php?rest_route=\/wp\/v2\/media\/44711"}],"wp:attachment":[{"href":"https:\/\/tumarquito.com\/index.php?rest_route=%2Fwp%2Fv2%2Fmedia&parent=44807"}],"curies":[{"name":"wp","href":"https:\/\/api.w.org\/{rel}","templated":true}]}}