{"id":44406,"date":"2020-07-09T18:26:16","date_gmt":"2020-07-09T21:26:16","guid":{"rendered":"https:\/\/tumarquito.com\/?product=import-placeholder-for-a-curvaazul3-000000"},"modified":"2023-09-07T15:32:18","modified_gmt":"2023-09-07T18:32:18","slug":"curva-azul-3","status":"publish","type":"product","link":"https:\/\/tumarquito.com\/?product=curva-azul-3","title":{"rendered":"Curva Azul 3"},"content":{"rendered":"<p>1 Marco   1 L\u00e1mina   1 Vidrio   1 Gancho<br \/>\nEn la descripci\u00f3n de color &#8220;Natural&#8221; pod\u00e9s elegir: 1) Madera al natural<br \/>\nEn la descripci\u00f3n de color &#8220;A Elecci\u00f3n&#8221; pod\u00e9s elegir: 1) Negro \u00f3 2) Blanco<\/p>\n","protected":false},"excerpt":{"rendered":"<p>1 Marco   1 L\u00e1mina   1 Vidrio   1 Gancho \/\/ Podes cambiar los colores<\/p>\n","protected":false},"featured_media":44286,"comment_status":"open","ping_status":"closed","template":"","meta":[],"class_list":{"0":"post-44406","1":"product","2":"type-product","3":"status-publish","4":"has-post-thumbnail","6":"product_cat-adultos","7":"product_cat-arteyfotos","8":"product_cat-todo","9":"product_tag-azul","10":"product_tag-azul-2","11":"product_tag-azules","12":"product_tag-celeste","13":"product_tag-circulo","14":"product_tag-curvas","15":"product_tag-geometria","16":"product_tag-luna","17":"product_tag-medialuna","18":"product_tag-medio-circulo","19":"product_tag-noche","20":"product_tag-sol","22":"first","23":"instock","24":"shipping-taxable","25":"purchasable","26":"product-type-variable"},"_links":{"self":[{"href":"https:\/\/tumarquito.com\/index.php?rest_route=\/wp\/v2\/product\/44406","targetHints":{"allow":["GET"]}}],"collection":[{"href":"https:\/\/tumarquito.com\/index.php?rest_route=\/wp\/v2\/product"}],"about":[{"href":"https:\/\/tumarquito.com\/index.php?rest_route=\/wp\/v2\/types\/product"}],"replies":[{"embeddable":true,"href":"https:\/\/tumarquito.com\/index.php?rest_route=%2Fwp%2Fv2%2Fcomments&post=44406"}],"wp:featuredmedia":[{"embeddable":true,"href":"https:\/\/tumarquito.com\/index.php?rest_route=\/wp\/v2\/media\/44286"}],"wp:attachment":[{"href":"https:\/\/tumarquito.com\/index.php?rest_route=%2Fwp%2Fv2%2Fmedia&parent=44406"}],"curies":[{"name":"wp","href":"https:\/\/api.w.org\/{rel}","templated":true}]}}