{"id":44298,"date":"2020-07-09T18:24:49","date_gmt":"2020-07-09T21:24:49","guid":{"rendered":"https:\/\/tumarquito.com\/?product=import-placeholder-for-a-curvaverde2-000000"},"modified":"2023-09-07T15:31:47","modified_gmt":"2023-09-07T18:31:47","slug":"curva-verde-2","status":"publish","type":"product","link":"https:\/\/tumarquito.com\/?product=curva-verde-2","title":{"rendered":"Curva Verde 2"},"content":{"rendered":"<p>1 Marco   1 L\u00e1mina   1 Vidrio   1 Gancho<br \/>\nEn la descripci\u00f3n de color &#8220;Natural&#8221; pod\u00e9s elegir: 1) Madera al natural<br \/>\nEn la descripci\u00f3n de color &#8220;A Elecci\u00f3n&#8221; pod\u00e9s elegir: 1) Negro \u00f3 2) Blanco<\/p>\n","protected":false},"excerpt":{"rendered":"<p>1 Marco   1 L\u00e1mina   1 Vidrio   1 Gancho<\/p>\n","protected":false},"featured_media":44294,"comment_status":"open","ping_status":"closed","template":"","meta":[],"class_list":{"0":"post-44298","1":"product","2":"type-product","3":"status-publish","4":"has-post-thumbnail","6":"product_cat-adultos","7":"product_cat-arteyfotos","8":"product_cat-todo","9":"product_tag-circulo","10":"product_tag-curvas","11":"product_tag-geometria","12":"product_tag-luna","13":"product_tag-medialuna","14":"product_tag-medio-circulo","15":"product_tag-montanan","16":"product_tag-sol","17":"product_tag-verde","18":"product_tag-verde-2","19":"product_tag-verdes","21":"first","22":"instock","23":"shipping-taxable","24":"purchasable","25":"product-type-variable"},"_links":{"self":[{"href":"https:\/\/tumarquito.com\/index.php?rest_route=\/wp\/v2\/product\/44298","targetHints":{"allow":["GET"]}}],"collection":[{"href":"https:\/\/tumarquito.com\/index.php?rest_route=\/wp\/v2\/product"}],"about":[{"href":"https:\/\/tumarquito.com\/index.php?rest_route=\/wp\/v2\/types\/product"}],"replies":[{"embeddable":true,"href":"https:\/\/tumarquito.com\/index.php?rest_route=%2Fwp%2Fv2%2Fcomments&post=44298"}],"wp:featuredmedia":[{"embeddable":true,"href":"https:\/\/tumarquito.com\/index.php?rest_route=\/wp\/v2\/media\/44294"}],"wp:attachment":[{"href":"https:\/\/tumarquito.com\/index.php?rest_route=%2Fwp%2Fv2%2Fmedia&parent=44298"}],"curies":[{"name":"wp","href":"https:\/\/api.w.org\/{rel}","templated":true}]}}