{"id":44169,"date":"2020-07-07T20:35:01","date_gmt":"2020-07-07T23:35:01","guid":{"rendered":"https:\/\/tumarquito.com\/?product=import-placeholder-for-a-color-osoblanco-000000"},"modified":"2023-09-07T15:37:04","modified_gmt":"2023-09-07T18:37:04","slug":"oso-blanco","status":"publish","type":"product","link":"https:\/\/tumarquito.com\/?product=oso-blanco","title":{"rendered":"Oso Blanco"},"content":{"rendered":"<p>1 Marco   1 L\u00e1mina   1 Vidrio   1 Gancho<br \/>\nEn la descripci\u00f3n de color &#8220;Natural&#8221; pod\u00e9s elegir: 1) Madera al natural<br \/>\nEn la descripci\u00f3n de color &#8220;A Elecci\u00f3n&#8221; pod\u00e9s elegir: 1) Negro \u00f3 2) Blanco<br \/>\noso, blanco, negro, nene, nenas, baby, ni\u00f1os, escandinavo<\/p>\n","protected":false},"excerpt":{"rendered":"<p>1 Marco   1 L\u00e1mina   1 Vidrio   1 Gancho \/\/ Podes cambiar los colores<\/p>\n","protected":false},"featured_media":43561,"comment_status":"open","ping_status":"closed","template":"","meta":[],"class_list":{"0":"post-44169","1":"product","2":"type-product","3":"status-publish","4":"has-post-thumbnail","6":"product_cat-infantiles","7":"product_cat-animalesynaturaleza-infantiles","8":"product_cat-todo","9":"product_tag-baby","10":"product_tag-blanco","11":"product_tag-escandinavo","12":"product_tag-negro","13":"product_tag-nenas","14":"product_tag-nene","15":"product_tag-ninos","16":"product_tag-oso","18":"first","19":"instock","20":"shipping-taxable","21":"purchasable","22":"product-type-variable"},"_links":{"self":[{"href":"https:\/\/tumarquito.com\/index.php?rest_route=\/wp\/v2\/product\/44169","targetHints":{"allow":["GET"]}}],"collection":[{"href":"https:\/\/tumarquito.com\/index.php?rest_route=\/wp\/v2\/product"}],"about":[{"href":"https:\/\/tumarquito.com\/index.php?rest_route=\/wp\/v2\/types\/product"}],"replies":[{"embeddable":true,"href":"https:\/\/tumarquito.com\/index.php?rest_route=%2Fwp%2Fv2%2Fcomments&post=44169"}],"wp:featuredmedia":[{"embeddable":true,"href":"https:\/\/tumarquito.com\/index.php?rest_route=\/wp\/v2\/media\/43561"}],"wp:attachment":[{"href":"https:\/\/tumarquito.com\/index.php?rest_route=%2Fwp%2Fv2%2Fmedia&parent=44169"}],"curies":[{"name":"wp","href":"https:\/\/api.w.org\/{rel}","templated":true}]}}