{"id":44128,"date":"2020-07-07T20:34:14","date_gmt":"2020-07-07T23:34:14","guid":{"rendered":"https:\/\/tumarquito.com\/?product=import-placeholder-for-a-color-heladorosa-000000"},"modified":"2023-09-07T15:36:49","modified_gmt":"2023-09-07T18:36:49","slug":"helado-rosa","status":"publish","type":"product","link":"https:\/\/tumarquito.com\/?product=helado-rosa","title":{"rendered":"Helado Rosa"},"content":{"rendered":"<p>1 Marco   1 L\u00e1mina   1 Vidrio   1 Gancho<br \/>\nEn la descripci\u00f3n de color &#8220;Natural&#8221; pod\u00e9s elegir: 1) Madera al natural<br \/>\nEn la descripci\u00f3n de color &#8220;A Elecci\u00f3n&#8221; pod\u00e9s elegir: 1) Negro \u00f3 2) Blanco<br \/>\nhelado, rosa, rouge, paleta, mujer, ella, rose, pink, <\/p>\n","protected":false},"excerpt":{"rendered":"<p>1 Marco   1 L\u00e1mina   1 Vidrio   1 Gancho <\/p>\n","protected":false},"featured_media":43558,"comment_status":"open","ping_status":"closed","template":"","meta":[],"class_list":{"0":"post-44128","1":"product","2":"type-product","3":"status-publish","4":"has-post-thumbnail","6":"product_cat-adultos","7":"product_cat-arteyfotos","8":"product_cat-todo","9":"product_tag-ella","10":"product_tag-helado","11":"product_tag-mujer","12":"product_tag-paleta","13":"product_tag-pink","14":"product_tag-rosa","15":"product_tag-rose","16":"product_tag-rouge","18":"first","19":"instock","20":"shipping-taxable","21":"purchasable","22":"product-type-variable"},"_links":{"self":[{"href":"https:\/\/tumarquito.com\/index.php?rest_route=\/wp\/v2\/product\/44128","targetHints":{"allow":["GET"]}}],"collection":[{"href":"https:\/\/tumarquito.com\/index.php?rest_route=\/wp\/v2\/product"}],"about":[{"href":"https:\/\/tumarquito.com\/index.php?rest_route=\/wp\/v2\/types\/product"}],"replies":[{"embeddable":true,"href":"https:\/\/tumarquito.com\/index.php?rest_route=%2Fwp%2Fv2%2Fcomments&post=44128"}],"wp:featuredmedia":[{"embeddable":true,"href":"https:\/\/tumarquito.com\/index.php?rest_route=\/wp\/v2\/media\/43558"}],"wp:attachment":[{"href":"https:\/\/tumarquito.com\/index.php?rest_route=%2Fwp%2Fv2%2Fmedia&parent=44128"}],"curies":[{"name":"wp","href":"https:\/\/api.w.org\/{rel}","templated":true}]}}