{"id":43945,"date":"2020-07-07T20:31:44","date_gmt":"2020-07-07T23:31:44","guid":{"rendered":"https:\/\/tumarquito.com\/?product=import-placeholder-for-a-color-brush1-000000"},"modified":"2023-09-07T15:36:10","modified_gmt":"2023-09-07T18:36:10","slug":"brush-1","status":"publish","type":"product","link":"https:\/\/tumarquito.com\/?product=brush-1","title":{"rendered":"Brush 1"},"content":{"rendered":"<p>1 Marco   1 L\u00e1mina   1 Vidrio   1 Gancho<br \/>\nEn la descripci\u00f3n de color &#8220;Natural&#8221; pod\u00e9s elegir: 1) Madera al natural<br \/>\nEn la descripci\u00f3n de color &#8220;A Elecci\u00f3n&#8221; pod\u00e9s elegir: 1) Negro \u00f3 2) Blanco<br \/>\nbrush, frase, nene, ni\u00f1o, colores, flush, wash, dientes, lavar, nena <\/p>\n","protected":false},"excerpt":{"rendered":"<p>1 Marco   1 L\u00e1mina   1 Vidrio   1 Gancho \/\/ Podes cambiar los colores<\/p>\n","protected":false},"featured_media":43554,"comment_status":"open","ping_status":"closed","template":"","meta":[],"class_list":{"0":"post-43945","1":"product","2":"type-product","3":"status-publish","4":"has-post-thumbnail","6":"product_cat-infantiles","7":"product_cat-frases-infantiles","8":"product_cat-todo","9":"product_tag-brush","10":"product_tag-colores","11":"product_tag-dientes","12":"product_tag-flush","13":"product_tag-frase","14":"product_tag-lavar","15":"product_tag-nena","16":"product_tag-nene","17":"product_tag-nino","18":"product_tag-wash","20":"first","21":"instock","22":"shipping-taxable","23":"purchasable","24":"product-type-variable"},"_links":{"self":[{"href":"https:\/\/tumarquito.com\/index.php?rest_route=\/wp\/v2\/product\/43945","targetHints":{"allow":["GET"]}}],"collection":[{"href":"https:\/\/tumarquito.com\/index.php?rest_route=\/wp\/v2\/product"}],"about":[{"href":"https:\/\/tumarquito.com\/index.php?rest_route=\/wp\/v2\/types\/product"}],"replies":[{"embeddable":true,"href":"https:\/\/tumarquito.com\/index.php?rest_route=%2Fwp%2Fv2%2Fcomments&post=43945"}],"wp:featuredmedia":[{"embeddable":true,"href":"https:\/\/tumarquito.com\/index.php?rest_route=\/wp\/v2\/media\/43554"}],"wp:attachment":[{"href":"https:\/\/tumarquito.com\/index.php?rest_route=%2Fwp%2Fv2%2Fmedia&parent=43945"}],"curies":[{"name":"wp","href":"https:\/\/api.w.org\/{rel}","templated":true}]}}