{"id":43921,"date":"2020-07-07T20:31:22","date_gmt":"2020-07-07T23:31:22","guid":{"rendered":"https:\/\/tumarquito.com\/?product=import-placeholder-for-a-color-rulesboys-000000"},"modified":"2023-09-07T15:36:03","modified_gmt":"2023-09-07T18:36:03","slug":"rules-boys","status":"publish","type":"product","link":"https:\/\/tumarquito.com\/?product=rules-boys","title":{"rendered":"Rules Boys"},"content":{"rendered":"<p>1 Marco   1 L\u00e1mina   1 Vidrio   1 Gancho<br \/>\nEn la descripci\u00f3n de color &#8220;Natural&#8221; pod\u00e9s elegir: 1) Madera al natural<br \/>\nEn la descripci\u00f3n de color &#8220;A Elecci\u00f3n&#8221; pod\u00e9s elegir: 1) Negro \u00f3 2) Blanco<br \/>\nrules, boys, reglas, celeste, corona, rey, nene, ni\u00f1o, escandinavo<\/p>\n","protected":false},"excerpt":{"rendered":"<p>1 Marco   1 L\u00e1mina   1 Vidrio   1 Gancho \/\/ Podes cambiar los colores<\/p>\n","protected":false},"featured_media":43564,"comment_status":"open","ping_status":"closed","template":"","meta":[],"class_list":{"0":"post-43921","1":"product","2":"type-product","3":"status-publish","4":"has-post-thumbnail","6":"product_cat-infantiles","7":"product_cat-frases-infantiles","8":"product_cat-todo","9":"product_tag-boys","10":"product_tag-celeste","11":"product_tag-corona","12":"product_tag-escandinavo","13":"product_tag-nene","14":"product_tag-nino","15":"product_tag-reglas","16":"product_tag-rey","17":"product_tag-rules","19":"first","20":"instock","21":"shipping-taxable","22":"purchasable","23":"product-type-variable"},"_links":{"self":[{"href":"https:\/\/tumarquito.com\/index.php?rest_route=\/wp\/v2\/product\/43921","targetHints":{"allow":["GET"]}}],"collection":[{"href":"https:\/\/tumarquito.com\/index.php?rest_route=\/wp\/v2\/product"}],"about":[{"href":"https:\/\/tumarquito.com\/index.php?rest_route=\/wp\/v2\/types\/product"}],"replies":[{"embeddable":true,"href":"https:\/\/tumarquito.com\/index.php?rest_route=%2Fwp%2Fv2%2Fcomments&post=43921"}],"wp:featuredmedia":[{"embeddable":true,"href":"https:\/\/tumarquito.com\/index.php?rest_route=\/wp\/v2\/media\/43564"}],"wp:attachment":[{"href":"https:\/\/tumarquito.com\/index.php?rest_route=%2Fwp%2Fv2%2Fmedia&parent=43921"}],"curies":[{"name":"wp","href":"https:\/\/api.w.org\/{rel}","templated":true}]}}