{"id":42862,"date":"2020-06-28T00:10:06","date_gmt":"2020-06-28T03:10:06","guid":{"rendered":"http:\/\/localhost:8888\/tumarquito\/?product=import-placeholder-for-a-pasaporte-000000"},"modified":"2023-09-07T15:13:48","modified_gmt":"2023-09-07T18:13:48","slug":"pasaporte","status":"publish","type":"product","link":"https:\/\/tumarquito.com\/?product=pasaporte","title":{"rendered":"Pasaporte"},"content":{"rendered":"<p>Pasaporte \/\/ 1 Unidad \/ 30&#215;42(1)<br \/>\nEn la descripci\u00f3n de color &#8220;Natural&#8221; pod\u00e9s elegir: 1) Madera al natural<br \/>\nEn la descripci\u00f3n de color &#8220;A Elecci\u00f3n&#8221; pod\u00e9s elegir: 1) Negro \u00f3 2) Blanco<\/p>\n","protected":false},"excerpt":{"rendered":"<p>Pasaporte \/\/ 1 Unidad \/ 30&#215;42(1)<\/p>\n","protected":false},"featured_media":42801,"comment_status":"open","ping_status":"closed","template":"","meta":[],"class_list":{"0":"post-42862","1":"product","2":"type-product","3":"status-publish","4":"has-post-thumbnail","6":"product_cat-combos","7":"product_cat-adultos-combos","8":"product_cat-todo","9":"product_tag-ciudad","10":"product_tag-ciudades","11":"product_tag-continente","12":"product_tag-dibujos","13":"product_tag-iconos","14":"product_tag-pais","15":"product_tag-pasaporte","16":"product_tag-viajando","17":"product_tag-viajar","18":"product_tag-viaje","20":"first","21":"instock","22":"shipping-taxable","23":"purchasable","24":"product-type-variable"},"_links":{"self":[{"href":"https:\/\/tumarquito.com\/index.php?rest_route=\/wp\/v2\/product\/42862","targetHints":{"allow":["GET"]}}],"collection":[{"href":"https:\/\/tumarquito.com\/index.php?rest_route=\/wp\/v2\/product"}],"about":[{"href":"https:\/\/tumarquito.com\/index.php?rest_route=\/wp\/v2\/types\/product"}],"replies":[{"embeddable":true,"href":"https:\/\/tumarquito.com\/index.php?rest_route=%2Fwp%2Fv2%2Fcomments&post=42862"}],"wp:featuredmedia":[{"embeddable":true,"href":"https:\/\/tumarquito.com\/index.php?rest_route=\/wp\/v2\/media\/42801"}],"wp:attachment":[{"href":"https:\/\/tumarquito.com\/index.php?rest_route=%2Fwp%2Fv2%2Fmedia&parent=42862"}],"curies":[{"name":"wp","href":"https:\/\/api.w.org\/{rel}","templated":true}]}}