{"id":41274,"date":"2020-06-27T17:24:08","date_gmt":"2020-06-27T20:24:08","guid":{"rendered":"http:\/\/localhost:8888\/tumarquito\/?product=import-placeholder-for-a-frases-mrrightmrs-000000"},"modified":"2023-09-07T17:51:19","modified_gmt":"2023-09-07T20:51:19","slug":"mr-right-mrs-always-right","status":"publish","type":"product","link":"https:\/\/tumarquito.com\/?product=mr-right-mrs-always-right","title":{"rendered":"Mr right Mrs always right"},"content":{"rendered":"<p>2 Marcos   2 L\u00e1minas   2 Vidrios   2 Ganchos<br \/>\nEn la descripci\u00f3n de color &#8220;Natural&#8221; pod\u00e9s elegir: 1) Madera al natural<br \/>\nEn la descripci\u00f3n de color &#8220;A Elecci\u00f3n&#8221; pod\u00e9s elegir: 1) Negro \u00f3 2) Blanco<\/p>\n","protected":false},"excerpt":{"rendered":"<p>2 Marcos   2 L\u00e1minas   2 Vidrios   2 Ganchos<\/p>\n","protected":false},"featured_media":40401,"comment_status":"open","ping_status":"closed","template":"","meta":[],"class_list":{"0":"post-41274","1":"product","2":"type-product","3":"status-publish","4":"has-post-thumbnail","6":"product_cat-adultos","7":"product_cat-frases","8":"product_cat-todo","9":"product_tag-blanco","10":"product_tag-el","11":"product_tag-ella","12":"product_tag-frase","13":"product_tag-frases","14":"product_tag-marido","15":"product_tag-moderno","16":"product_tag-mr","17":"product_tag-mrs","18":"product_tag-mujer","19":"product_tag-negro","20":"product_tag-novia","21":"product_tag-novio","22":"product_tag-palabras","24":"first","25":"instock","26":"shipping-taxable","27":"purchasable","28":"product-type-variable"},"_links":{"self":[{"href":"https:\/\/tumarquito.com\/index.php?rest_route=\/wp\/v2\/product\/41274","targetHints":{"allow":["GET"]}}],"collection":[{"href":"https:\/\/tumarquito.com\/index.php?rest_route=\/wp\/v2\/product"}],"about":[{"href":"https:\/\/tumarquito.com\/index.php?rest_route=\/wp\/v2\/types\/product"}],"replies":[{"embeddable":true,"href":"https:\/\/tumarquito.com\/index.php?rest_route=%2Fwp%2Fv2%2Fcomments&post=41274"}],"wp:featuredmedia":[{"embeddable":true,"href":"https:\/\/tumarquito.com\/index.php?rest_route=\/wp\/v2\/media\/40401"}],"wp:attachment":[{"href":"https:\/\/tumarquito.com\/index.php?rest_route=%2Fwp%2Fv2%2Fmedia&parent=41274"}],"curies":[{"name":"wp","href":"https:\/\/api.w.org\/{rel}","templated":true}]}}