{"id":41213,"date":"2020-06-27T17:22:08","date_gmt":"2020-06-27T20:22:08","guid":{"rendered":"http:\/\/localhost:8888\/tumarquito\/?product=import-placeholder-for-a-frases-sabiduria-000000_2"},"modified":"2023-09-07T17:47:24","modified_gmt":"2023-09-07T20:47:24","slug":"sabiduria","status":"publish","type":"product","link":"https:\/\/tumarquito.com\/?product=sabiduria","title":{"rendered":"Sabiduria"},"content":{"rendered":"<p>1 Marco   1 L\u00e1mina   1 Vidrio   1 Gancho<br \/>\nEn la descripci\u00f3n de color &#8220;Natural&#8221; pod\u00e9s elegir: 1) Madera al natural<br \/>\nEn la descripci\u00f3n de color &#8220;A Elecci\u00f3n&#8221; pod\u00e9s elegir: 1) Negro \u00f3 2) Blanco<\/p>\n","protected":false},"excerpt":{"rendered":"<p>1 Marco   1 L\u00e1mina   1 Vidrio   1 Gancho<\/p>\n","protected":false},"featured_media":28581,"comment_status":"open","ping_status":"closed","template":"","meta":[],"class_list":{"0":"post-41213","1":"product","2":"type-product","3":"status-publish","4":"has-post-thumbnail","6":"product_cat-adultos","7":"product_cat-frases","8":"product_cat-todo","9":"product_tag-amada","10":"product_tag-amado","11":"product_tag-amor","12":"product_tag-blanco","13":"product_tag-frase","14":"product_tag-frases","15":"product_tag-moderno","16":"product_tag-negro","17":"product_tag-office","18":"product_tag-oficina","19":"product_tag-palabras","20":"product_tag-you-are-loved","22":"first","23":"instock","24":"shipping-taxable","25":"purchasable","26":"product-type-variable"},"_links":{"self":[{"href":"https:\/\/tumarquito.com\/index.php?rest_route=\/wp\/v2\/product\/41213","targetHints":{"allow":["GET"]}}],"collection":[{"href":"https:\/\/tumarquito.com\/index.php?rest_route=\/wp\/v2\/product"}],"about":[{"href":"https:\/\/tumarquito.com\/index.php?rest_route=\/wp\/v2\/types\/product"}],"replies":[{"embeddable":true,"href":"https:\/\/tumarquito.com\/index.php?rest_route=%2Fwp%2Fv2%2Fcomments&post=41213"}],"wp:featuredmedia":[{"embeddable":true,"href":"https:\/\/tumarquito.com\/index.php?rest_route=\/wp\/v2\/media\/28581"}],"wp:attachment":[{"href":"https:\/\/tumarquito.com\/index.php?rest_route=%2Fwp%2Fv2%2Fmedia&parent=41213"}],"curies":[{"name":"wp","href":"https:\/\/api.w.org\/{rel}","templated":true}]}}