{"id":40244,"date":"2020-06-27T16:55:42","date_gmt":"2020-06-27T19:55:42","guid":{"rendered":"http:\/\/localhost:8888\/tumarquito\/?product=import-placeholder-for-i-frases-play-000000"},"modified":"2023-09-07T22:16:56","modified_gmt":"2023-09-08T01:16:56","slug":"play","status":"publish","type":"product","link":"https:\/\/tumarquito.com\/?product=play","title":{"rendered":"Play"},"content":{"rendered":"<p>1 Marco   1 L\u00e1mina   1 Vidrio   1 Gancho<br \/>\nEn la descripci\u00f3n de color &#8220;Natural&#8221; pod\u00e9s elegir: 1) Madera al natural<br \/>\nEn la descripci\u00f3n de color &#8220;A Elecci\u00f3n&#8221; pod\u00e9s elegir: 1) Negro \u00f3 2) Blanco<\/p>\n","protected":false},"excerpt":{"rendered":"<p>1 Marco   1 L\u00e1mina   1 Vidrio   1 Gancho<\/p>\n","protected":false},"featured_media":28899,"comment_status":"open","ping_status":"closed","template":"","meta":[],"class_list":{"0":"post-40244","1":"product","2":"type-product","3":"status-publish","4":"has-post-thumbnail","6":"product_cat-infantiles","7":"product_cat-frases-infantiles","8":"product_cat-todo","9":"product_tag-alegria","10":"product_tag-amor","11":"product_tag-beba","12":"product_tag-bebe","13":"product_tag-boys","14":"product_tag-dream","15":"product_tag-ellas","16":"product_tag-ellos","17":"product_tag-estrella","18":"product_tag-fun","19":"product_tag-girls","20":"product_tag-kids","21":"product_tag-nena","22":"product_tag-nene","23":"product_tag-play","24":"product_tag-risas","26":"first","27":"instock","28":"shipping-taxable","29":"purchasable","30":"product-type-variable"},"_links":{"self":[{"href":"https:\/\/tumarquito.com\/index.php?rest_route=\/wp\/v2\/product\/40244","targetHints":{"allow":["GET"]}}],"collection":[{"href":"https:\/\/tumarquito.com\/index.php?rest_route=\/wp\/v2\/product"}],"about":[{"href":"https:\/\/tumarquito.com\/index.php?rest_route=\/wp\/v2\/types\/product"}],"replies":[{"embeddable":true,"href":"https:\/\/tumarquito.com\/index.php?rest_route=%2Fwp%2Fv2%2Fcomments&post=40244"}],"wp:featuredmedia":[{"embeddable":true,"href":"https:\/\/tumarquito.com\/index.php?rest_route=\/wp\/v2\/media\/28899"}],"wp:attachment":[{"href":"https:\/\/tumarquito.com\/index.php?rest_route=%2Fwp%2Fv2%2Fmedia&parent=40244"}],"curies":[{"name":"wp","href":"https:\/\/api.w.org\/{rel}","templated":true}]}}