{"id":39449,"date":"2020-06-27T16:30:49","date_gmt":"2020-06-27T19:30:49","guid":{"rendered":"http:\/\/localhost:8888\/tumarquito\/?product=import-placeholder-for-i-peli-america-000000"},"modified":"2023-09-07T22:21:29","modified_gmt":"2023-09-08T01:21:29","slug":"america","status":"publish","type":"product","link":"https:\/\/tumarquito.com\/?product=america","title":{"rendered":"America"},"content":{"rendered":"<p>1 Marco   1 L\u00e1mina   1 Vidrio   1 Gancho<br \/>\nEn la descripci\u00f3n de color &#8220;Natural&#8221; pod\u00e9s elegir: 1) Madera al natural<br \/>\nEn la descripci\u00f3n de color &#8220;A Elecci\u00f3n&#8221; pod\u00e9s elegir: 1) Negro \u00f3 2) Blanco<br \/>\namerica, ara\u00f1a, batman, beba, bebe, blanco, boys, ellas, ellos, girls, heroes, hulk, kids, mascara, negro, nena, nene, superma<\/p>\n","protected":false},"excerpt":{"rendered":"<p>1 Marco   1 L\u00e1mina   1 Vidrio   1 Gancho<\/p>\n","protected":false},"featured_media":28877,"comment_status":"open","ping_status":"closed","template":"","meta":[],"class_list":{"0":"post-39449","1":"product","2":"type-product","3":"status-publish","4":"has-post-thumbnail","6":"product_cat-infantiles","7":"product_cat-dibusypeliculas","8":"product_cat-todo","9":"product_tag-america","10":"product_tag-arana","11":"product_tag-batman","12":"product_tag-beba","13":"product_tag-bebe","14":"product_tag-blanco","15":"product_tag-boys","16":"product_tag-ellas","17":"product_tag-ellos","18":"product_tag-girls","19":"product_tag-heroes","20":"product_tag-hulk","21":"product_tag-kids","22":"product_tag-mascara","23":"product_tag-negro","24":"product_tag-nena","25":"product_tag-nene","26":"product_tag-superma","28":"first","29":"instock","30":"shipping-taxable","31":"purchasable","32":"product-type-variable"},"_links":{"self":[{"href":"https:\/\/tumarquito.com\/index.php?rest_route=\/wp\/v2\/product\/39449","targetHints":{"allow":["GET"]}}],"collection":[{"href":"https:\/\/tumarquito.com\/index.php?rest_route=\/wp\/v2\/product"}],"about":[{"href":"https:\/\/tumarquito.com\/index.php?rest_route=\/wp\/v2\/types\/product"}],"replies":[{"embeddable":true,"href":"https:\/\/tumarquito.com\/index.php?rest_route=%2Fwp%2Fv2%2Fcomments&post=39449"}],"wp:featuredmedia":[{"embeddable":true,"href":"https:\/\/tumarquito.com\/index.php?rest_route=\/wp\/v2\/media\/28877"}],"wp:attachment":[{"href":"https:\/\/tumarquito.com\/index.php?rest_route=%2Fwp%2Fv2%2Fmedia&parent=39449"}],"curies":[{"name":"wp","href":"https:\/\/api.w.org\/{rel}","templated":true}]}}