{"id":39206,"date":"2020-06-27T16:29:01","date_gmt":"2020-06-27T19:29:01","guid":{"rendered":"http:\/\/localhost:8888\/tumarquito\/?product=import-placeholder-for-i-naci-nacimiento3-000000"},"modified":"2023-09-07T22:18:51","modified_gmt":"2023-09-08T01:18:51","slug":"nacimiento-3","status":"publish","type":"product","link":"https:\/\/tumarquito.com\/?product=nacimiento-3","title":{"rendered":"Nacimiento 3"},"content":{"rendered":"<p>1 Marco   1 L\u00e1mina   1 Vidrio   1 Gancho<br \/>\nEn la descripci\u00f3n de color &#8220;Natural&#8221; pod\u00e9s elegir: 1) Madera al natural<br \/>\nEn la descripci\u00f3n de color &#8220;A Elecci\u00f3n&#8221; pod\u00e9s elegir: 1) Negro \u00f3 2) Blanco<\/p>\n","protected":false},"excerpt":{"rendered":"<p>1 Marco   1 L\u00e1mina   1 Vidrio   1 Gancho<\/p>\n","protected":false},"featured_media":28907,"comment_status":"open","ping_status":"closed","template":"","meta":[],"class_list":{"0":"post-39206","1":"product","2":"type-product","3":"status-publish","4":"has-post-thumbnail","6":"product_cat-infantiles","7":"product_cat-nacimientos","8":"product_cat-todo","9":"product_tag-beba","10":"product_tag-bebe","11":"product_tag-el","12":"product_tag-ella","13":"product_tag-ellas","14":"product_tag-ellos","15":"product_tag-estrellas","16":"product_tag-nacimiento","17":"product_tag-nena","18":"product_tag-nene","20":"first","21":"instock","22":"featured","23":"shipping-taxable","24":"purchasable","25":"product-type-variable"},"_links":{"self":[{"href":"https:\/\/tumarquito.com\/index.php?rest_route=\/wp\/v2\/product\/39206","targetHints":{"allow":["GET"]}}],"collection":[{"href":"https:\/\/tumarquito.com\/index.php?rest_route=\/wp\/v2\/product"}],"about":[{"href":"https:\/\/tumarquito.com\/index.php?rest_route=\/wp\/v2\/types\/product"}],"replies":[{"embeddable":true,"href":"https:\/\/tumarquito.com\/index.php?rest_route=%2Fwp%2Fv2%2Fcomments&post=39206"}],"wp:featuredmedia":[{"embeddable":true,"href":"https:\/\/tumarquito.com\/index.php?rest_route=\/wp\/v2\/media\/28907"}],"wp:attachment":[{"href":"https:\/\/tumarquito.com\/index.php?rest_route=%2Fwp%2Fv2%2Fmedia&parent=39206"}],"curies":[{"name":"wp","href":"https:\/\/api.w.org\/{rel}","templated":true}]}}