{"id":38220,"date":"2020-06-27T15:57:25","date_gmt":"2020-06-27T18:57:25","guid":{"rendered":"http:\/\/localhost:8888\/tumarquito\/?product=import-placeholder-for-a-frases-doyou-000000"},"modified":"2023-09-07T16:55:27","modified_gmt":"2023-09-07T19:55:27","slug":"do-you","status":"publish","type":"product","link":"https:\/\/tumarquito.com\/?product=do-you","title":{"rendered":"Do you"},"content":{"rendered":"<p>2 Marcos   2 L\u00e1minas   2 Vidrios   2 Ganchos<br \/>\nEn la descripci\u00f3n de color &#8220;Natural&#8221; pod\u00e9s elegir: 1) Madera al natural<br \/>\nEn la descripci\u00f3n de color &#8220;A Elecci\u00f3n&#8221; pod\u00e9s elegir: 1) Negro \u00f3 2) Blanco<\/p>\n","protected":false},"excerpt":{"rendered":"<p>2 Marcos   2 L\u00e1minas   2 Vidrios   2 Ganchos<\/p>\n","protected":false},"featured_media":38211,"comment_status":"open","ping_status":"closed","template":"","meta":[],"class_list":{"0":"post-38220","1":"product","2":"type-product","3":"status-publish","4":"has-post-thumbnail","6":"product_cat-adultos","7":"product_cat-frases","8":"product_cat-todo","9":"product_tag-be-you","10":"product_tag-blanco","11":"product_tag-creer","12":"product_tag-frase","13":"product_tag-letra","14":"product_tag-motivacional","15":"product_tag-negro","16":"product_tag-oficina","18":"first","19":"instock","20":"shipping-taxable","21":"purchasable","22":"product-type-variable"},"_links":{"self":[{"href":"https:\/\/tumarquito.com\/index.php?rest_route=\/wp\/v2\/product\/38220","targetHints":{"allow":["GET"]}}],"collection":[{"href":"https:\/\/tumarquito.com\/index.php?rest_route=\/wp\/v2\/product"}],"about":[{"href":"https:\/\/tumarquito.com\/index.php?rest_route=\/wp\/v2\/types\/product"}],"replies":[{"embeddable":true,"href":"https:\/\/tumarquito.com\/index.php?rest_route=%2Fwp%2Fv2%2Fcomments&post=38220"}],"wp:featuredmedia":[{"embeddable":true,"href":"https:\/\/tumarquito.com\/index.php?rest_route=\/wp\/v2\/media\/38211"}],"wp:attachment":[{"href":"https:\/\/tumarquito.com\/index.php?rest_route=%2Fwp%2Fv2%2Fmedia&parent=38220"}],"curies":[{"name":"wp","href":"https:\/\/api.w.org\/{rel}","templated":true}]}}