{"id":36281,"date":"2020-06-26T23:08:57","date_gmt":"2020-06-27T02:08:57","guid":{"rendered":"http:\/\/localhost:8888\/tumarquito\/?product=import-placeholder-for-a-geo-circulo-000000"},"modified":"2023-09-07T18:18:47","modified_gmt":"2023-09-07T21:18:47","slug":"circulo","status":"publish","type":"product","link":"https:\/\/tumarquito.com\/?product=circulo","title":{"rendered":"Circulo"},"content":{"rendered":"<p>1 Marco   1 L\u00e1mina   1 Vidrio   1 Gancho<br \/>\nEn la descripci\u00f3n de color &#8220;Natural&#8221; pod\u00e9s elegir: 1) Madera al natural<br \/>\nEn la descripci\u00f3n de color &#8220;A Elecci\u00f3n&#8221; pod\u00e9s elegir: 1) Negro \u00f3 2) Blanco<\/p>\n","protected":false},"excerpt":{"rendered":"<p>1 Marco   1 L\u00e1mina   1 Vidrio   1 Gancho<\/p>\n","protected":false},"featured_media":28600,"comment_status":"open","ping_status":"closed","template":"","meta":[],"class_list":{"0":"post-36281","1":"product","2":"type-product","3":"status-publish","4":"has-post-thumbnail","6":"product_cat-adultos","7":"product_cat-geometricos","8":"product_cat-todo","9":"product_tag-aqua","10":"product_tag-blanco","11":"product_tag-celeste","12":"product_tag-circulo","13":"product_tag-mitad","14":"product_tag-negro","16":"first","17":"instock","18":"shipping-taxable","19":"purchasable","20":"product-type-variable"},"_links":{"self":[{"href":"https:\/\/tumarquito.com\/index.php?rest_route=\/wp\/v2\/product\/36281","targetHints":{"allow":["GET"]}}],"collection":[{"href":"https:\/\/tumarquito.com\/index.php?rest_route=\/wp\/v2\/product"}],"about":[{"href":"https:\/\/tumarquito.com\/index.php?rest_route=\/wp\/v2\/types\/product"}],"replies":[{"embeddable":true,"href":"https:\/\/tumarquito.com\/index.php?rest_route=%2Fwp%2Fv2%2Fcomments&post=36281"}],"wp:featuredmedia":[{"embeddable":true,"href":"https:\/\/tumarquito.com\/index.php?rest_route=\/wp\/v2\/media\/28600"}],"wp:attachment":[{"href":"https:\/\/tumarquito.com\/index.php?rest_route=%2Fwp%2Fv2%2Fmedia&parent=36281"}],"curies":[{"name":"wp","href":"https:\/\/api.w.org\/{rel}","templated":true}]}}