{"id":36069,"date":"2020-06-26T22:57:43","date_gmt":"2020-06-27T01:57:43","guid":{"rendered":"http:\/\/localhost:8888\/tumarquito\/?product=import-placeholder-for-a-ciu-ciudades2-000000"},"modified":"2023-09-07T14:01:28","modified_gmt":"2023-09-07T17:01:28","slug":"ciudades-2","status":"publish","type":"product","link":"https:\/\/tumarquito.com\/?product=ciudades-2","title":{"rendered":"Ciudades 2"},"content":{"rendered":"<p>1 Marco   1 L\u00e1mina   1 Vidrio   1 Gancho<br \/>\nEn la descripci\u00f3n de color &#8220;Natural&#8221; pod\u00e9s elegir: 1) Madera al natural<br \/>\nEn la descripci\u00f3n de color &#8220;A Elecci\u00f3n&#8221; pod\u00e9s elegir: 1) Negro \u00f3 2) Blanco<br \/>\nblanco, ciudad, ciudades, frase, londres, mundo, negro, paises, palabra, palabras, viajando, viajar, viaje<\/p>\n","protected":false},"excerpt":{"rendered":"<p>1 Marco   1 L\u00e1mina   1 Vidrio   1 Gancho<\/p>\n","protected":false},"featured_media":28491,"comment_status":"open","ping_status":"closed","template":"","meta":[],"class_list":{"0":"post-36069","1":"product","2":"type-product","3":"status-publish","4":"has-post-thumbnail","6":"product_cat-adultos","7":"product_cat-ciudadesyotros","8":"product_cat-todo","9":"product_tag-blanco","10":"product_tag-ciudad","11":"product_tag-ciudades","12":"product_tag-frase","13":"product_tag-londres","14":"product_tag-mundo","15":"product_tag-negro","16":"product_tag-paises","17":"product_tag-palabra","18":"product_tag-palabras","19":"product_tag-viajando","20":"product_tag-viajar","21":"product_tag-viaje","23":"first","24":"instock","25":"shipping-taxable","26":"purchasable","27":"product-type-variable"},"_links":{"self":[{"href":"https:\/\/tumarquito.com\/index.php?rest_route=\/wp\/v2\/product\/36069","targetHints":{"allow":["GET"]}}],"collection":[{"href":"https:\/\/tumarquito.com\/index.php?rest_route=\/wp\/v2\/product"}],"about":[{"href":"https:\/\/tumarquito.com\/index.php?rest_route=\/wp\/v2\/types\/product"}],"replies":[{"embeddable":true,"href":"https:\/\/tumarquito.com\/index.php?rest_route=%2Fwp%2Fv2%2Fcomments&post=36069"}],"wp:featuredmedia":[{"embeddable":true,"href":"https:\/\/tumarquito.com\/index.php?rest_route=\/wp\/v2\/media\/28491"}],"wp:attachment":[{"href":"https:\/\/tumarquito.com\/index.php?rest_route=%2Fwp%2Fv2%2Fmedia&parent=36069"}],"curies":[{"name":"wp","href":"https:\/\/api.w.org\/{rel}","templated":true}]}}