{"id":35881,"date":"2020-06-26T22:57:01","date_gmt":"2020-06-27T01:57:01","guid":{"rendered":"http:\/\/localhost:8888\/tumarquito\/?product=import-placeholder-for-a-ciudad-sydney-000000"},"modified":"2023-09-07T14:00:50","modified_gmt":"2023-09-07T17:00:50","slug":"sydney","status":"publish","type":"product","link":"https:\/\/tumarquito.com\/?product=sydney","title":{"rendered":"Sydney"},"content":{"rendered":"<p>1 Marco   1 L\u00e1mina   1 Vidrio   1 Gancho<br \/>\nEn la descripci\u00f3n de color &#8220;Natural&#8221; pod\u00e9s elegir: 1) Madera al natural<br \/>\nEn la descripci\u00f3n de color &#8220;A Elecci\u00f3n&#8221; pod\u00e9s elegir: 1) Negro \u00f3 2) Blanco<br \/>\naustralia, blanco, city, ciudad, linea, negro, opera house, pais, paises, sidney, sintesis, sydney, travel, viajar, viaje<\/p>\n","protected":false},"excerpt":{"rendered":"<p>1 Marco   1 L\u00e1mina   1 Vidrio   1 Gancho<\/p>\n","protected":false},"featured_media":28510,"comment_status":"open","ping_status":"closed","template":"","meta":[],"class_list":{"0":"post-35881","1":"product","2":"type-product","3":"status-publish","4":"has-post-thumbnail","6":"product_cat-adultos","7":"product_cat-ciudadesyotros","8":"product_cat-todo","9":"product_tag-australia","10":"product_tag-blanco","11":"product_tag-city","12":"product_tag-ciudad","13":"product_tag-linea","14":"product_tag-negro","15":"product_tag-opera-house","16":"product_tag-pais","17":"product_tag-paises","18":"product_tag-sidney","19":"product_tag-sintesis","20":"product_tag-sydney","21":"product_tag-travel","22":"product_tag-viajar","23":"product_tag-viaje","25":"first","26":"instock","27":"shipping-taxable","28":"purchasable","29":"product-type-variable"},"_links":{"self":[{"href":"https:\/\/tumarquito.com\/index.php?rest_route=\/wp\/v2\/product\/35881","targetHints":{"allow":["GET"]}}],"collection":[{"href":"https:\/\/tumarquito.com\/index.php?rest_route=\/wp\/v2\/product"}],"about":[{"href":"https:\/\/tumarquito.com\/index.php?rest_route=\/wp\/v2\/types\/product"}],"replies":[{"embeddable":true,"href":"https:\/\/tumarquito.com\/index.php?rest_route=%2Fwp%2Fv2%2Fcomments&post=35881"}],"wp:featuredmedia":[{"embeddable":true,"href":"https:\/\/tumarquito.com\/index.php?rest_route=\/wp\/v2\/media\/28510"}],"wp:attachment":[{"href":"https:\/\/tumarquito.com\/index.php?rest_route=%2Fwp%2Fv2%2Fmedia&parent=35881"}],"curies":[{"name":"wp","href":"https:\/\/api.w.org\/{rel}","templated":true}]}}