{"id":35726,"date":"2020-06-26T22:56:28","date_gmt":"2020-06-27T01:56:28","guid":{"rendered":"http:\/\/localhost:8888\/tumarquito\/?product=import-placeholder-for-a-ciudad-viajar-000000"},"modified":"2023-09-07T14:00:24","modified_gmt":"2023-09-07T17:00:24","slug":"viajar","status":"publish","type":"product","link":"https:\/\/tumarquito.com\/?product=viajar","title":{"rendered":"Viajar"},"content":{"rendered":"<p>1 Marco   1 L\u00e1mina   1 Vidrio   1 Gancho<br \/>\nEn la descripci\u00f3n de color &#8220;Natural&#8221; pod\u00e9s elegir: 1) Madera al natural<br \/>\nEn la descripci\u00f3n de color &#8220;A Elecci\u00f3n&#8221; pod\u00e9s elegir: 1) Negro \u00f3 2) Blanco<br \/>\n40 ciudades, blanco, city, ciudad, ciudades varias, linea, monumentos, negro, paises, pasaporte, sintesis, travel, viajar, viaje<\/p>\n","protected":false},"excerpt":{"rendered":"<p>1 Marco   1 L\u00e1mina   1 Vidrio   1 Gancho<\/p>\n","protected":false},"featured_media":28514,"comment_status":"open","ping_status":"closed","template":"","meta":[],"class_list":{"0":"post-35726","1":"product","2":"type-product","3":"status-publish","4":"has-post-thumbnail","6":"product_cat-adultos","7":"product_cat-ciudadesyotros","8":"product_cat-todo","9":"product_tag-40-ciudades","10":"product_tag-blanco","11":"product_tag-city","12":"product_tag-ciudad","13":"product_tag-ciudades-varias","14":"product_tag-linea","15":"product_tag-monumentos","16":"product_tag-negro","17":"product_tag-paises","18":"product_tag-pasaporte","19":"product_tag-sintesis","20":"product_tag-travel","21":"product_tag-viajar","22":"product_tag-viaje","24":"first","25":"instock","26":"featured","27":"shipping-taxable","28":"purchasable","29":"product-type-variable"},"_links":{"self":[{"href":"https:\/\/tumarquito.com\/index.php?rest_route=\/wp\/v2\/product\/35726","targetHints":{"allow":["GET"]}}],"collection":[{"href":"https:\/\/tumarquito.com\/index.php?rest_route=\/wp\/v2\/product"}],"about":[{"href":"https:\/\/tumarquito.com\/index.php?rest_route=\/wp\/v2\/types\/product"}],"replies":[{"embeddable":true,"href":"https:\/\/tumarquito.com\/index.php?rest_route=%2Fwp%2Fv2%2Fcomments&post=35726"}],"wp:featuredmedia":[{"embeddable":true,"href":"https:\/\/tumarquito.com\/index.php?rest_route=\/wp\/v2\/media\/28514"}],"wp:attachment":[{"href":"https:\/\/tumarquito.com\/index.php?rest_route=%2Fwp%2Fv2%2Fmedia&parent=35726"}],"curies":[{"name":"wp","href":"https:\/\/api.w.org\/{rel}","templated":true}]}}