{"id":35663,"date":"2020-06-26T22:56:13","date_gmt":"2020-06-27T01:56:13","guid":{"rendered":"http:\/\/localhost:8888\/tumarquito\/?product=import-placeholder-for-a-ciudad-london-000000"},"modified":"2023-09-07T14:00:11","modified_gmt":"2023-09-07T17:00:11","slug":"london","status":"publish","type":"product","link":"https:\/\/tumarquito.com\/?product=london","title":{"rendered":"London"},"content":{"rendered":"<p>1 Marco   1 L\u00e1mina   1 Vidrio   1 Gancho<br \/>\nEn la descripci\u00f3n de color &#8220;Natural&#8221; pod\u00e9s elegir: 1) Madera al natural<br \/>\nEn la descripci\u00f3n de color &#8220;A Elecci\u00f3n&#8221; pod\u00e9s elegir: 1) Negro \u00f3 2) Blanco<br \/>\nblanco, city, ciudad, england, inglaterra, linea, london, londres, negro, puente, reino unido, sintesis, tower bridge<\/p>\n","protected":false},"excerpt":{"rendered":"<p>1 Marco   1 L\u00e1mina   1 Vidrio   1 Gancho<\/p>\n","protected":false},"featured_media":28503,"comment_status":"open","ping_status":"closed","template":"","meta":[],"class_list":{"0":"post-35663","1":"product","2":"type-product","3":"status-publish","4":"has-post-thumbnail","6":"product_cat-adultos","7":"product_cat-ciudadesyotros","8":"product_cat-todo","9":"product_tag-blanco","10":"product_tag-city","11":"product_tag-ciudad","12":"product_tag-england","13":"product_tag-inglaterra","14":"product_tag-linea","15":"product_tag-london","16":"product_tag-londres","17":"product_tag-negro","18":"product_tag-puente","19":"product_tag-reino-unido","20":"product_tag-sintesis","21":"product_tag-tower-bridge","23":"first","24":"instock","25":"shipping-taxable","26":"purchasable","27":"product-type-variable"},"_links":{"self":[{"href":"https:\/\/tumarquito.com\/index.php?rest_route=\/wp\/v2\/product\/35663","targetHints":{"allow":["GET"]}}],"collection":[{"href":"https:\/\/tumarquito.com\/index.php?rest_route=\/wp\/v2\/product"}],"about":[{"href":"https:\/\/tumarquito.com\/index.php?rest_route=\/wp\/v2\/types\/product"}],"replies":[{"embeddable":true,"href":"https:\/\/tumarquito.com\/index.php?rest_route=%2Fwp%2Fv2%2Fcomments&post=35663"}],"wp:featuredmedia":[{"embeddable":true,"href":"https:\/\/tumarquito.com\/index.php?rest_route=\/wp\/v2\/media\/28503"}],"wp:attachment":[{"href":"https:\/\/tumarquito.com\/index.php?rest_route=%2Fwp%2Fv2%2Fmedia&parent=35663"}],"curies":[{"name":"wp","href":"https:\/\/api.w.org\/{rel}","templated":true}]}}