{"id":35570,"date":"2020-06-26T22:55:53","date_gmt":"2020-06-27T01:55:53","guid":{"rendered":"http:\/\/localhost:8888\/tumarquito\/?product=import-placeholder-for-a-ciudad-eeuu-000000"},"modified":"2023-09-07T13:59:52","modified_gmt":"2023-09-07T16:59:52","slug":"ee-uu","status":"publish","type":"product","link":"https:\/\/tumarquito.com\/?product=ee-uu","title":{"rendered":"EE. UU."},"content":{"rendered":"<p>1 Marco   1 L\u00e1mina   1 Vidrio   1 Gancho<br \/>\nEn la descripci\u00f3n de color &#8220;Natural&#8221; pod\u00e9s elegir: 1) Madera al natural<br \/>\nEn la descripci\u00f3n de color &#8220;A Elecci\u00f3n&#8221; pod\u00e9s elegir: 1) Negro \u00f3 2) Blanco<br \/>\nblanco, building, ciudad, edificio, ee.uu., empire state, estados unidos, linea, negro, Nueva York, ny, sintetico<\/p>\n","protected":false},"excerpt":{"rendered":"<p>1 Marco   1 L\u00e1mina   1 Vidrio   1 Gancho<\/p>\n","protected":false},"featured_media":28501,"comment_status":"open","ping_status":"closed","template":"","meta":[],"class_list":{"0":"post-35570","1":"product","2":"type-product","3":"status-publish","4":"has-post-thumbnail","6":"product_cat-adultos","7":"product_cat-ciudadesyotros","8":"product_cat-todo","9":"product_tag-blanco","10":"product_tag-building","11":"product_tag-ciudad","12":"product_tag-edificio","13":"product_tag-ee-uu","14":"product_tag-empire-state","15":"product_tag-estados-unidos","16":"product_tag-linea","17":"product_tag-negro","18":"product_tag-nueva-york","19":"product_tag-ny","20":"product_tag-sintetico","22":"first","23":"instock","24":"shipping-taxable","25":"purchasable","26":"product-type-variable"},"_links":{"self":[{"href":"https:\/\/tumarquito.com\/index.php?rest_route=\/wp\/v2\/product\/35570","targetHints":{"allow":["GET"]}}],"collection":[{"href":"https:\/\/tumarquito.com\/index.php?rest_route=\/wp\/v2\/product"}],"about":[{"href":"https:\/\/tumarquito.com\/index.php?rest_route=\/wp\/v2\/types\/product"}],"replies":[{"embeddable":true,"href":"https:\/\/tumarquito.com\/index.php?rest_route=%2Fwp%2Fv2%2Fcomments&post=35570"}],"wp:featuredmedia":[{"embeddable":true,"href":"https:\/\/tumarquito.com\/index.php?rest_route=\/wp\/v2\/media\/28501"}],"wp:attachment":[{"href":"https:\/\/tumarquito.com\/index.php?rest_route=%2Fwp%2Fv2%2Fmedia&parent=35570"}],"curies":[{"name":"wp","href":"https:\/\/api.w.org\/{rel}","templated":true}]}}