{"id":35071,"date":"2020-06-26T22:52:31","date_gmt":"2020-06-27T01:52:31","guid":{"rendered":"http:\/\/localhost:8888\/tumarquito\/?product=import-placeholder-for-a-coc-cocina8-000000"},"modified":"2023-09-07T15:22:55","modified_gmt":"2023-09-07T18:22:55","slug":"cocina-8","status":"publish","type":"product","link":"https:\/\/tumarquito.com\/?product=cocina-8","title":{"rendered":"Cocina 8"},"content":{"rendered":"<p>1 Marco   1 L\u00e1mina   1 Vidrio   1 Gancho<br \/>\nEn la descripci\u00f3n de color &#8220;Natural&#8221; pod\u00e9s elegir: 1) Madera al natural<br \/>\nEn la descripci\u00f3n de color &#8220;A Elecci\u00f3n&#8221; pod\u00e9s elegir: 1) Negro \u00f3 2) Blanco<br \/>\nblanco, cocina, frase, negro<\/p>\n","protected":false},"excerpt":{"rendered":"<p>1 Marco   1 L\u00e1mina   1 Vidrio   1 Gancho<\/p>\n","protected":false},"featured_media":28535,"comment_status":"open","ping_status":"closed","template":"","meta":[],"class_list":{"0":"post-35071","1":"product","2":"type-product","3":"status-publish","4":"has-post-thumbnail","6":"product_cat-adultos","7":"product_cat-cocinayotros","8":"product_cat-todo","9":"product_tag-blanco","10":"product_tag-cocina","11":"product_tag-frase","12":"product_tag-negro","14":"first","15":"instock","16":"shipping-taxable","17":"purchasable","18":"product-type-variable"},"_links":{"self":[{"href":"https:\/\/tumarquito.com\/index.php?rest_route=\/wp\/v2\/product\/35071","targetHints":{"allow":["GET"]}}],"collection":[{"href":"https:\/\/tumarquito.com\/index.php?rest_route=\/wp\/v2\/product"}],"about":[{"href":"https:\/\/tumarquito.com\/index.php?rest_route=\/wp\/v2\/types\/product"}],"replies":[{"embeddable":true,"href":"https:\/\/tumarquito.com\/index.php?rest_route=%2Fwp%2Fv2%2Fcomments&post=35071"}],"wp:featuredmedia":[{"embeddable":true,"href":"https:\/\/tumarquito.com\/index.php?rest_route=\/wp\/v2\/media\/28535"}],"wp:attachment":[{"href":"https:\/\/tumarquito.com\/index.php?rest_route=%2Fwp%2Fv2%2Fmedia&parent=35071"}],"curies":[{"name":"wp","href":"https:\/\/api.w.org\/{rel}","templated":true}]}}