{"id":34698,"date":"2020-06-26T22:51:02","date_gmt":"2020-06-27T01:51:02","guid":{"rendered":"http:\/\/localhost:8888\/tumarquito\/?product=import-placeholder-for-a-ban-bano3-000000"},"modified":"2023-09-07T15:21:47","modified_gmt":"2023-09-07T18:21:47","slug":"bano-3","status":"publish","type":"product","link":"https:\/\/tumarquito.com\/?product=bano-3","title":{"rendered":"Ba\u00f1o 3"},"content":{"rendered":"<p>1 Marco   1 L\u00e1mina   1 Vidrio   1 Gancho<br \/>\nEn la descripci\u00f3n de color &#8220;Natural&#8221; pod\u00e9s elegir: 1) Madera al natural<br \/>\nEn la descripci\u00f3n de color &#8220;A Elecci\u00f3n&#8221; pod\u00e9s elegir: 1) Negro \u00f3 2) Blanco<br \/>\nba\u00f1o, blanco, frase, hands, lavar, mano, negro<\/p>\n","protected":false},"excerpt":{"rendered":"<p>1 Marco   1 L\u00e1mina   1 Vidrio   1 Gancho<\/p>\n","protected":false},"featured_media":28516,"comment_status":"open","ping_status":"closed","template":"","meta":[],"class_list":{"0":"post-34698","1":"product","2":"type-product","3":"status-publish","4":"has-post-thumbnail","6":"product_cat-adultos","7":"product_cat-cocinayotros","8":"product_cat-todo","9":"product_tag-bano","10":"product_tag-blanco","11":"product_tag-frase","12":"product_tag-hands","13":"product_tag-lavar","14":"product_tag-mano","15":"product_tag-negro","17":"first","18":"instock","19":"shipping-taxable","20":"purchasable","21":"product-type-variable"},"_links":{"self":[{"href":"https:\/\/tumarquito.com\/index.php?rest_route=\/wp\/v2\/product\/34698","targetHints":{"allow":["GET"]}}],"collection":[{"href":"https:\/\/tumarquito.com\/index.php?rest_route=\/wp\/v2\/product"}],"about":[{"href":"https:\/\/tumarquito.com\/index.php?rest_route=\/wp\/v2\/types\/product"}],"replies":[{"embeddable":true,"href":"https:\/\/tumarquito.com\/index.php?rest_route=%2Fwp%2Fv2%2Fcomments&post=34698"}],"wp:featuredmedia":[{"embeddable":true,"href":"https:\/\/tumarquito.com\/index.php?rest_route=\/wp\/v2\/media\/28516"}],"wp:attachment":[{"href":"https:\/\/tumarquito.com\/index.php?rest_route=%2Fwp%2Fv2%2Fmedia&parent=34698"}],"curies":[{"name":"wp","href":"https:\/\/api.w.org\/{rel}","templated":true}]}}