{"id":34666,"date":"2020-06-26T22:50:53","date_gmt":"2020-06-27T01:50:53","guid":{"rendered":"http:\/\/localhost:8888\/tumarquito\/?product=import-placeholder-for-a-ban-washhands-000000"},"modified":"2023-09-07T15:21:35","modified_gmt":"2023-09-07T18:21:35","slug":"wash-hands","status":"publish","type":"product","link":"https:\/\/tumarquito.com\/?product=wash-hands","title":{"rendered":"Wash Hands"},"content":{"rendered":"<p>1 Marco   1 L\u00e1mina   1 Vidrio   1 Gancho<br \/>\nEn la descripci\u00f3n de color &#8220;Natural&#8221; pod\u00e9s elegir: 1) Madera al natural<br \/>\nEn la descripci\u00f3n de color &#8220;A Elecci\u00f3n&#8221; pod\u00e9s elegir: 1) Negro \u00f3 2) Blanco<br \/>\nba\u00f1o, hands, lavar, manos, toilette, wash, frase<\/p>\n","protected":false},"excerpt":{"rendered":"<p>1 Marco + 1 L\u00e1mina + 1 Vidrio + 1 Gancho<\/p>\n","protected":false},"featured_media":28523,"comment_status":"open","ping_status":"closed","template":"","meta":[],"class_list":{"0":"post-34666","1":"product","2":"type-product","3":"status-publish","4":"has-post-thumbnail","6":"product_cat-adultos","7":"product_cat-cocinayotros","8":"product_cat-todo","9":"product_tag-bano","10":"product_tag-frase","11":"product_tag-hands","12":"product_tag-lavar","13":"product_tag-manos","14":"product_tag-toilette","15":"product_tag-wash","17":"first","18":"instock","19":"featured","20":"shipping-taxable","21":"purchasable","22":"product-type-variable"},"_links":{"self":[{"href":"https:\/\/tumarquito.com\/index.php?rest_route=\/wp\/v2\/product\/34666","targetHints":{"allow":["GET"]}}],"collection":[{"href":"https:\/\/tumarquito.com\/index.php?rest_route=\/wp\/v2\/product"}],"about":[{"href":"https:\/\/tumarquito.com\/index.php?rest_route=\/wp\/v2\/types\/product"}],"replies":[{"embeddable":true,"href":"https:\/\/tumarquito.com\/index.php?rest_route=%2Fwp%2Fv2%2Fcomments&post=34666"}],"wp:featuredmedia":[{"embeddable":true,"href":"https:\/\/tumarquito.com\/index.php?rest_route=\/wp\/v2\/media\/28523"}],"wp:attachment":[{"href":"https:\/\/tumarquito.com\/index.php?rest_route=%2Fwp%2Fv2%2Fmedia&parent=34666"}],"curies":[{"name":"wp","href":"https:\/\/api.w.org\/{rel}","templated":true}]}}