{"id":32609,"date":"2020-06-26T21:56:35","date_gmt":"2020-06-27T00:56:35","guid":{"rendered":"http:\/\/localhost:8888\/tumarquito\/?product=import-placeholder-for-i-ani-anibyn-000000"},"modified":"2023-09-07T22:09:47","modified_gmt":"2023-09-08T01:09:47","slug":"animales-bn","status":"publish","type":"product","link":"https:\/\/tumarquito.com\/?product=animales-bn","title":{"rendered":"Animales B&#038;N"},"content":{"rendered":"<p>1 Marco   1 L\u00e1mina   1 Vidrio   1 Gancho<br \/>\nEn la descripci\u00f3n de color &#8220;Natural&#8221; pod\u00e9s elegir: 1) Madera al natural<br \/>\nEn la descripci\u00f3n de color &#8220;A Elecci\u00f3n&#8221; pod\u00e9s elegir: 1) Negro \u00f3 2) Blanco<br \/>\nanimales, beba, bebe, oso, osa, nene, nena, blanco, negro, osito<\/p>\n","protected":false},"excerpt":{"rendered":"<p>1 Marco   1 L\u00e1mina   1 Vidrio   1 Gancho<\/p>\n","protected":false},"featured_media":28856,"comment_status":"open","ping_status":"closed","template":"","meta":[],"class_list":{"0":"post-32609","1":"product","2":"type-product","3":"status-publish","4":"has-post-thumbnail","6":"product_cat-infantiles","7":"product_cat-animalesynaturaleza-infantiles","8":"product_cat-todo","9":"product_tag-animales","10":"product_tag-beba","11":"product_tag-bebe","12":"product_tag-blanco","13":"product_tag-negro","14":"product_tag-nena","15":"product_tag-nene","16":"product_tag-osa","17":"product_tag-osito","18":"product_tag-oso","20":"first","21":"instock","22":"featured","23":"shipping-taxable","24":"purchasable","25":"product-type-variable"},"_links":{"self":[{"href":"https:\/\/tumarquito.com\/index.php?rest_route=\/wp\/v2\/product\/32609","targetHints":{"allow":["GET"]}}],"collection":[{"href":"https:\/\/tumarquito.com\/index.php?rest_route=\/wp\/v2\/product"}],"about":[{"href":"https:\/\/tumarquito.com\/index.php?rest_route=\/wp\/v2\/types\/product"}],"replies":[{"embeddable":true,"href":"https:\/\/tumarquito.com\/index.php?rest_route=%2Fwp%2Fv2%2Fcomments&post=32609"}],"wp:featuredmedia":[{"embeddable":true,"href":"https:\/\/tumarquito.com\/index.php?rest_route=\/wp\/v2\/media\/28856"}],"wp:attachment":[{"href":"https:\/\/tumarquito.com\/index.php?rest_route=%2Fwp%2Fv2%2Fmedia&parent=32609"}],"curies":[{"name":"wp","href":"https:\/\/api.w.org\/{rel}","templated":true}]}}