{"id":32054,"date":"2020-06-26T21:31:25","date_gmt":"2020-06-27T00:31:25","guid":{"rendered":"http:\/\/localhost:8888\/tumarquito\/?product=import-placeholder-for-a-ani-caballo5-000000"},"modified":"2023-09-07T12:22:04","modified_gmt":"2023-09-07T15:22:04","slug":"caballo-5","status":"publish","type":"product","link":"https:\/\/tumarquito.com\/?product=caballo-5","title":{"rendered":"Caballo 5"},"content":{"rendered":"<p>1 Marco   1 L\u00e1mina   1 Vidrio   1 Gancho<br \/>\nEn la descripci\u00f3n de color &#8220;Natural&#8221; pod\u00e9s elegir: 1) Madera al natural<br \/>\nEn la descripci\u00f3n de color &#8220;A Elecci\u00f3n&#8221; pod\u00e9s elegir: 1) Negro \u00f3 2) Blanco<br \/>\nAnimal, animales, animalitos, blanco, caballo, fauna, foto, fotografias, negro<\/p>\n","protected":false},"excerpt":{"rendered":"<p>1 Marco   1 L\u00e1mina   1 Vidrio   1 Gancho<\/p>\n","protected":false},"featured_media":28415,"comment_status":"open","ping_status":"closed","template":"","meta":[],"class_list":{"0":"post-32054","1":"product","2":"type-product","3":"status-publish","4":"has-post-thumbnail","6":"product_cat-adultos","7":"product_cat-animalesynaturaleza","8":"product_cat-todo","9":"product_tag-animal","10":"product_tag-animales","11":"product_tag-animalitos","12":"product_tag-blanco","13":"product_tag-caballo","14":"product_tag-fauna","15":"product_tag-foto","16":"product_tag-fotografias","17":"product_tag-negro","19":"first","20":"instock","21":"shipping-taxable","22":"purchasable","23":"product-type-variable"},"_links":{"self":[{"href":"https:\/\/tumarquito.com\/index.php?rest_route=\/wp\/v2\/product\/32054","targetHints":{"allow":["GET"]}}],"collection":[{"href":"https:\/\/tumarquito.com\/index.php?rest_route=\/wp\/v2\/product"}],"about":[{"href":"https:\/\/tumarquito.com\/index.php?rest_route=\/wp\/v2\/types\/product"}],"replies":[{"embeddable":true,"href":"https:\/\/tumarquito.com\/index.php?rest_route=%2Fwp%2Fv2%2Fcomments&post=32054"}],"wp:featuredmedia":[{"embeddable":true,"href":"https:\/\/tumarquito.com\/index.php?rest_route=\/wp\/v2\/media\/28415"}],"wp:attachment":[{"href":"https:\/\/tumarquito.com\/index.php?rest_route=%2Fwp%2Fv2%2Fmedia&parent=32054"}],"curies":[{"name":"wp","href":"https:\/\/api.w.org\/{rel}","templated":true}]}}