{"id":31678,"date":"2020-06-26T21:30:09","date_gmt":"2020-06-27T00:30:09","guid":{"rendered":"http:\/\/localhost:8888\/tumarquito\/?product=import-placeholder-for-a-ani-elefante3-000000"},"modified":"2023-09-07T12:20:57","modified_gmt":"2023-09-07T15:20:57","slug":"elefante-3","status":"publish","type":"product","link":"https:\/\/tumarquito.com\/?product=elefante-3","title":{"rendered":"Elefante 3"},"content":{"rendered":"<p>1 Marco   1 L\u00e1mina   1 Vidrio   1 Gancho<br \/>\nEn la descripci\u00f3n de color &#8220;Natural&#8221; pod\u00e9s elegir: 1) Madera al natural<br \/>\nEn la descripci\u00f3n de color &#8220;A Elecci\u00f3n&#8221; pod\u00e9s elegir: 1) Negro \u00f3 2) Blanco<br \/>\nAnimal, blanco, elefante, fauna, foto, fotografia, gris, negro, selva<\/p>\n","protected":false},"excerpt":{"rendered":"<p>1 Marco   1 L\u00e1mina   1 Vidrio   1 Gancho<\/p>\n","protected":false},"featured_media":28424,"comment_status":"open","ping_status":"closed","template":"","meta":[],"class_list":{"0":"post-31678","1":"product","2":"type-product","3":"status-publish","4":"has-post-thumbnail","6":"product_cat-adultos","7":"product_cat-animalesynaturaleza","8":"product_cat-todo","9":"product_tag-animal","10":"product_tag-blanco","11":"product_tag-elefante","12":"product_tag-fauna","13":"product_tag-foto","14":"product_tag-fotografia","15":"product_tag-gris","16":"product_tag-negro","17":"product_tag-selva","19":"first","20":"instock","21":"featured","22":"shipping-taxable","23":"purchasable","24":"product-type-variable"},"_links":{"self":[{"href":"https:\/\/tumarquito.com\/index.php?rest_route=\/wp\/v2\/product\/31678","targetHints":{"allow":["GET"]}}],"collection":[{"href":"https:\/\/tumarquito.com\/index.php?rest_route=\/wp\/v2\/product"}],"about":[{"href":"https:\/\/tumarquito.com\/index.php?rest_route=\/wp\/v2\/types\/product"}],"replies":[{"embeddable":true,"href":"https:\/\/tumarquito.com\/index.php?rest_route=%2Fwp%2Fv2%2Fcomments&post=31678"}],"wp:featuredmedia":[{"embeddable":true,"href":"https:\/\/tumarquito.com\/index.php?rest_route=\/wp\/v2\/media\/28424"}],"wp:attachment":[{"href":"https:\/\/tumarquito.com\/index.php?rest_route=%2Fwp%2Fv2%2Fmedia&parent=31678"}],"curies":[{"name":"wp","href":"https:\/\/api.w.org\/{rel}","templated":true}]}}